{"id":8,"date":"2023-07-27T14:10:12","date_gmt":"2023-07-27T14:10:12","guid":{"rendered":"https:\/\/musikfreunde-ettenheim.com\/?page_id=8"},"modified":"2026-04-20T20:51:57","modified_gmt":"2026-04-20T20:51:57","slug":"start","status":"publish","type":"page","link":"https:\/\/musikfreunde-ettenheim.com\/","title":{"rendered":"Start"},"content":{"rendered":"\t\t<div data-elementor-type=\"wp-page\" data-elementor-id=\"8\" class=\"elementor elementor-8\" data-elementor-post-type=\"page\">\n\t\t\t\t\t\t<section class=\"elementor-section elementor-top-section elementor-element elementor-element-079ee43 elementor-section-boxed elementor-section-height-default elementor-section-height-default\" data-id=\"079ee43\" data-element_type=\"section\">\n\t\t\t\t\t\t<div class=\"elementor-container elementor-column-gap-default\">\n\t\t\t\t\t<div class=\"elementor-column elementor-col-100 elementor-top-column elementor-element elementor-element-5e45b4c\" data-id=\"5e45b4c\" data-element_type=\"column\">\n\t\t\t<div class=\"elementor-widget-wrap elementor-element-populated\">\n\t\t\t\t\t\t<div class=\"elementor-element elementor-element-1ed65d4 elementor-widget elementor-widget-spacer\" data-id=\"1ed65d4\" data-element_type=\"widget\" data-widget_type=\"spacer.default\">\n\t\t\t\t<div class=\"elementor-widget-container\">\n\t\t\t\t\t\t\t<div class=\"elementor-spacer\">\n\t\t\t<div class=\"elementor-spacer-inner\"><\/div>\n\t\t<\/div>\n\t\t\t\t\t\t<\/div>\n\t\t\t\t<\/div>\n\t\t\t\t<div class=\"elementor-element elementor-element-71b1bfa elementor-nav-menu__align-start elementor-nav-menu--dropdown-tablet elementor-nav-menu__text-align-aside elementor-nav-menu--toggle elementor-nav-menu--burger elementor-widget elementor-widget-nav-menu\" data-id=\"71b1bfa\" data-element_type=\"widget\" data-settings=\"{&quot;submenu_icon&quot;:{&quot;value&quot;:&quot;&lt;i class=\\&quot;\\&quot;&gt;&lt;\\\/i&gt;&quot;,&quot;library&quot;:&quot;&quot;},&quot;layout&quot;:&quot;horizontal&quot;,&quot;toggle&quot;:&quot;burger&quot;}\" data-widget_type=\"nav-menu.default\">\n\t\t\t\t<div class=\"elementor-widget-container\">\n\t\t\t\t\t\t\t\t<nav aria-label=\"Menu\" class=\"elementor-nav-menu--main elementor-nav-menu__container elementor-nav-menu--layout-horizontal e--pointer-underline e--animation-grow\">\n\t\t\t\t<ul id=\"menu-1-71b1bfa\" class=\"elementor-nav-menu\"><li class=\"menu-item menu-item-type-post_type menu-item-object-page menu-item-home menu-item-26\"><a href=\"https:\/\/musikfreunde-ettenheim.com\/\" class=\"elementor-item\">Start<\/a><\/li>\n<li class=\"menu-item menu-item-type-post_type menu-item-object-page menu-item-has-children menu-item-22\"><a href=\"https:\/\/musikfreunde-ettenheim.com\/?page_id=9\" class=\"elementor-item\">Konzerte<\/a>\n<ul class=\"sub-menu elementor-nav-menu--dropdown\">\n\t<li class=\"menu-item menu-item-type-post_type menu-item-object-page menu-item-154\"><a href=\"https:\/\/musikfreunde-ettenheim.com\/?page_id=147\" class=\"elementor-sub-item\">Zuk\u00fcnftige Konzerte<\/a><\/li>\n\t<li class=\"menu-item menu-item-type-post_type menu-item-object-page menu-item-163\"><a href=\"https:\/\/musikfreunde-ettenheim.com\/?page_id=162\" class=\"elementor-sub-item\">Flauto Consort Freiburg<\/a><\/li>\n\t<li class=\"menu-item menu-item-type-post_type menu-item-object-page menu-item-144\"><a href=\"https:\/\/musikfreunde-ettenheim.com\/?page_id=141\" class=\"elementor-sub-item\">Calmus Ensemble Leipzig<\/a><\/li>\n\t<li class=\"menu-item menu-item-type-post_type menu-item-object-page menu-item-21\"><a href=\"https:\/\/musikfreunde-ettenheim.com\/?page_id=13\" class=\"elementor-sub-item\">Schuppanzigh-Quartett<\/a><\/li>\n\t<li class=\"menu-item menu-item-type-post_type menu-item-object-page menu-item-24\"><a href=\"https:\/\/musikfreunde-ettenheim.com\/?page_id=16\" class=\"elementor-sub-item\">Kinderkonzert<\/a><\/li>\n\t<li class=\"menu-item menu-item-type-post_type menu-item-object-page menu-item-50\"><a href=\"https:\/\/musikfreunde-ettenheim.com\/?page_id=48\" class=\"elementor-sub-item\">Trio L\u00e9zard<\/a><\/li>\n<\/ul>\n<\/li>\n<li class=\"menu-item menu-item-type-post_type menu-item-object-page menu-item-has-children menu-item-25\"><a href=\"https:\/\/musikfreunde-ettenheim.com\/?page_id=10\" class=\"elementor-item\">Der Verein<\/a>\n<ul class=\"sub-menu elementor-nav-menu--dropdown\">\n\t<li class=\"menu-item menu-item-type-post_type menu-item-object-page menu-item-91\"><a href=\"https:\/\/musikfreunde-ettenheim.com\/?page_id=76\" class=\"elementor-sub-item\">Wer wir sind<\/a><\/li>\n\t<li class=\"menu-item menu-item-type-post_type menu-item-object-page menu-item-113\"><a href=\"https:\/\/musikfreunde-ettenheim.com\/?page_id=110\" class=\"elementor-sub-item\">Unsere Satzung<\/a><\/li>\n\t<li class=\"menu-item menu-item-type-post_type menu-item-object-page menu-item-46\"><a href=\"https:\/\/musikfreunde-ettenheim.com\/?page_id=44\" class=\"elementor-sub-item\">Mitglied Werden<\/a><\/li>\n\t<li class=\"menu-item menu-item-type-post_type menu-item-object-page menu-item-51\"><a href=\"https:\/\/musikfreunde-ettenheim.com\/?page_id=49\" class=\"elementor-sub-item\">Wort des B\u00fcrgermeisters<\/a><\/li>\n<\/ul>\n<\/li>\n<li class=\"menu-item menu-item-type-post_type menu-item-object-page menu-item-20\"><a href=\"https:\/\/musikfreunde-ettenheim.com\/?page_id=11\" class=\"elementor-item\">Sponsoren<\/a><\/li>\n<li class=\"menu-item menu-item-type-post_type menu-item-object-page menu-item-23\"><a href=\"https:\/\/musikfreunde-ettenheim.com\/?page_id=12\" class=\"elementor-item\">Kontakt<\/a><\/li>\n<\/ul>\t\t\t<\/nav>\n\t\t\t\t\t<div class=\"elementor-menu-toggle\" role=\"button\" tabindex=\"0\" aria-label=\"Menu Toggle\" aria-expanded=\"false\">\n\t\t\t<i aria-hidden=\"true\" role=\"presentation\" class=\"elementor-menu-toggle__icon--open eicon-menu-bar\"><\/i><i aria-hidden=\"true\" role=\"presentation\" class=\"elementor-menu-toggle__icon--close eicon-close\"><\/i>\t\t<\/div>\n\t\t\t\t\t<nav class=\"elementor-nav-menu--dropdown elementor-nav-menu__container\" aria-hidden=\"true\">\n\t\t\t\t<ul id=\"menu-2-71b1bfa\" class=\"elementor-nav-menu\"><li class=\"menu-item menu-item-type-post_type menu-item-object-page menu-item-home menu-item-26\"><a href=\"https:\/\/musikfreunde-ettenheim.com\/\" class=\"elementor-item\" tabindex=\"-1\">Start<\/a><\/li>\n<li class=\"menu-item menu-item-type-post_type menu-item-object-page menu-item-has-children menu-item-22\"><a href=\"https:\/\/musikfreunde-ettenheim.com\/?page_id=9\" class=\"elementor-item\" tabindex=\"-1\">Konzerte<\/a>\n<ul class=\"sub-menu elementor-nav-menu--dropdown\">\n\t<li class=\"menu-item menu-item-type-post_type menu-item-object-page menu-item-154\"><a href=\"https:\/\/musikfreunde-ettenheim.com\/?page_id=147\" class=\"elementor-sub-item\" tabindex=\"-1\">Zuk\u00fcnftige Konzerte<\/a><\/li>\n\t<li class=\"menu-item menu-item-type-post_type menu-item-object-page menu-item-163\"><a href=\"https:\/\/musikfreunde-ettenheim.com\/?page_id=162\" class=\"elementor-sub-item\" tabindex=\"-1\">Flauto Consort Freiburg<\/a><\/li>\n\t<li class=\"menu-item menu-item-type-post_type menu-item-object-page menu-item-144\"><a href=\"https:\/\/musikfreunde-ettenheim.com\/?page_id=141\" class=\"elementor-sub-item\" tabindex=\"-1\">Calmus Ensemble Leipzig<\/a><\/li>\n\t<li class=\"menu-item menu-item-type-post_type menu-item-object-page menu-item-21\"><a href=\"https:\/\/musikfreunde-ettenheim.com\/?page_id=13\" class=\"elementor-sub-item\" tabindex=\"-1\">Schuppanzigh-Quartett<\/a><\/li>\n\t<li class=\"menu-item menu-item-type-post_type menu-item-object-page menu-item-24\"><a href=\"https:\/\/musikfreunde-ettenheim.com\/?page_id=16\" class=\"elementor-sub-item\" tabindex=\"-1\">Kinderkonzert<\/a><\/li>\n\t<li class=\"menu-item menu-item-type-post_type menu-item-object-page menu-item-50\"><a href=\"https:\/\/musikfreunde-ettenheim.com\/?page_id=48\" class=\"elementor-sub-item\" tabindex=\"-1\">Trio L\u00e9zard<\/a><\/li>\n<\/ul>\n<\/li>\n<li class=\"menu-item menu-item-type-post_type menu-item-object-page menu-item-has-children menu-item-25\"><a href=\"https:\/\/musikfreunde-ettenheim.com\/?page_id=10\" class=\"elementor-item\" tabindex=\"-1\">Der Verein<\/a>\n<ul class=\"sub-menu elementor-nav-menu--dropdown\">\n\t<li class=\"menu-item menu-item-type-post_type menu-item-object-page menu-item-91\"><a href=\"https:\/\/musikfreunde-ettenheim.com\/?page_id=76\" class=\"elementor-sub-item\" tabindex=\"-1\">Wer wir sind<\/a><\/li>\n\t<li class=\"menu-item menu-item-type-post_type menu-item-object-page menu-item-113\"><a href=\"https:\/\/musikfreunde-ettenheim.com\/?page_id=110\" class=\"elementor-sub-item\" tabindex=\"-1\">Unsere Satzung<\/a><\/li>\n\t<li class=\"menu-item menu-item-type-post_type menu-item-object-page menu-item-46\"><a href=\"https:\/\/musikfreunde-ettenheim.com\/?page_id=44\" class=\"elementor-sub-item\" tabindex=\"-1\">Mitglied Werden<\/a><\/li>\n\t<li class=\"menu-item menu-item-type-post_type menu-item-object-page menu-item-51\"><a href=\"https:\/\/musikfreunde-ettenheim.com\/?page_id=49\" class=\"elementor-sub-item\" tabindex=\"-1\">Wort des B\u00fcrgermeisters<\/a><\/li>\n<\/ul>\n<\/li>\n<li class=\"menu-item menu-item-type-post_type menu-item-object-page menu-item-20\"><a href=\"https:\/\/musikfreunde-ettenheim.com\/?page_id=11\" class=\"elementor-item\" tabindex=\"-1\">Sponsoren<\/a><\/li>\n<li class=\"menu-item menu-item-type-post_type menu-item-object-page menu-item-23\"><a href=\"https:\/\/musikfreunde-ettenheim.com\/?page_id=12\" class=\"elementor-item\" tabindex=\"-1\">Kontakt<\/a><\/li>\n<\/ul>\t\t\t<\/nav>\n\t\t\t\t\t\t<\/div>\n\t\t\t\t<\/div>\n\t\t\t\t\t<\/div>\n\t\t<\/div>\n\t\t\t\t\t<\/div>\n\t\t<\/section>\n\t\t\t\t<section class=\"elementor-section elementor-top-section elementor-element elementor-element-d5c2f64 elementor-section-boxed elementor-section-height-default elementor-section-height-default\" data-id=\"d5c2f64\" data-element_type=\"section\">\n\t\t\t\t\t\t<div class=\"elementor-container elementor-column-gap-default\">\n\t\t\t\t\t<div class=\"elementor-column elementor-col-100 elementor-top-column elementor-element elementor-element-3cd5ca5\" data-id=\"3cd5ca5\" data-element_type=\"column\">\n\t\t\t<div class=\"elementor-widget-wrap elementor-element-populated\">\n\t\t\t\t\t\t<section class=\"elementor-section elementor-inner-section elementor-element elementor-element-4ce438c elementor-section-boxed elementor-section-height-default elementor-section-height-default\" data-id=\"4ce438c\" data-element_type=\"section\">\n\t\t\t\t\t\t<div class=\"elementor-container elementor-column-gap-default\">\n\t\t\t\t\t<div class=\"elementor-column elementor-col-50 elementor-inner-column elementor-element elementor-element-cf64af2\" data-id=\"cf64af2\" data-element_type=\"column\">\n\t\t\t<div class=\"elementor-widget-wrap elementor-element-populated\">\n\t\t\t\t\t\t<div class=\"elementor-element elementor-element-3c88aa5 elementor-widget__width-initial elementor-widget elementor-widget-text-editor\" data-id=\"3c88aa5\" data-element_type=\"widget\" data-widget_type=\"text-editor.default\">\n\t\t\t\t<div class=\"elementor-widget-container\">\n\t\t\t\t\t\t\t\t\t<h5><b>Willkommen auf der Website der Musikfreunde Ettenheim<\/b><\/h5>\n<div>&nbsp;<\/div>\n<p>Unser Ziel ist es, Ihnen sch\u00f6ne musikalische Erlebnisse im intimen Rahmen von kleinen S\u00e4len in und um Ettenheim zu erm\u00f6glichen.<\/p>\n<p>F\u00fcr unser n\u00e4chstes Konzert, laden wir euch am<\/p>\n<h6><b>Sonntag, 26. April 2026, um 18:00 Uhr<p><\/p>\n<\/b><p><b><\/b><b>Kunsthalle Altdorf<br><\/b>Eugen-Lacroix-Str.2, 77955 Ettenheim<b><br><\/b><\/p><\/h6>\n<h5><b>Schuppanzigh-Quartett<br><\/b><\/h5>\n<div><a href=\"http:\/\/schuppanzigh-quartett.de\" target=\"_blank\" rel=\"noopener\">http:\/\/schuppanzigh-quartett.de<\/a><\/div>\n<div>&nbsp;<\/div>\n<p><b>Alle Informationen finden Sie auf der Konzertseite, bis bald!<br><\/b><\/p>\n<p><style>@font-face<br \/>\t{font-family:Arial;<br \/>\tpanose-1:2 11 6 4 2 2 2 2 2 4;<br \/>\tmso-font-charset:0;<br \/>\tmso-generic-font-family:auto;<br \/>\tmso-font-pitch:variable;<br \/>\tmso-font-signature:3 0 0 0 1 0;}@font-face<br \/>\t{font-family:\"Lucida Sans\";<br \/>\tpanose-1:2 11 6 2 3 5 4 2 2 4;<br \/>\tmso-font-charset:0;<br \/>\tmso-generic-font-family:auto;<br \/>\tmso-font-pitch:variable;<br \/>\tmso-font-signature:3 0 0 0 1 0;}@font-face<br \/>\t{font-family:SimSun;<br \/>\tmso-font-charset:0;<br \/>\tmso-generic-font-family:auto;<br \/>\tmso-font-pitch:variable;<br \/>\tmso-font-signature:0 0 0 0 0 0;}p.MsoNormal, li.MsoNormal, div.MsoNormal<br \/>\t{mso-style-parent:\"\";<br \/>\tmargin:0cm;<br \/>\tmargin-bottom:.0001pt;<br \/>\tmso-pagination:none;<br \/>\tmso-hyphenate:none;<br \/>\tfont-size:12.0pt;<br \/>\tfont-family:\"Lucida Sans\";<br \/>\tmso-ascii-font-family:\"Times New Roman\";<br \/>\tmso-fareast-font-family:SimSun;<br \/>\tmso-hansi-font-family:\"Times New Roman\";<br \/>\tmso-bidi-font-family:\"Lucida Sans\";<br \/>\tmso-font-kerning:.5pt;<br \/>\tmso-fareast-language:HI;}div.Section1<br \/>\t{page:Section1;}<\/style>\n<\/p>\n<p>Sie k\u00f6nnen Ihre Karten im B\u00fcrgerb\u00fcro, Rathaus Ettenheim bestellen.<br>Tel.: 07822 432 150<br>info@ettenheim.de<\/p>\n<p><strong>Eintritt:<\/strong>&nbsp; 25 Euro<br>Sch\u00fclerInnen, Studierende und Auszubildende 12 Euro<\/p>\n<p>Kinder und Jugendliche bis 14 Jahre frei<\/p>\n<p>Kassen\u00f6ffnung eine Stunde vor dem Konzert<br>Reservierte Karten m\u00fcssen bis 30 Minuten vor Konzertbeginn abgeholt werden.<\/p>\n<p>Pour toute question en fran\u00e7ais, merci de prendre contact avec:<br><span lang=\"en\">Please contact us for any questions in English:<br>kontakt@musikfreunde-ettenheim.com<\/span><\/p>\t\t\t\t\t\t\t\t<\/div>\n\t\t\t\t<\/div>\n\t\t\t\t<div class=\"elementor-element elementor-element-d9a597f e-grid-align-left elementor-shape-rounded elementor-grid-0 elementor-widget elementor-widget-social-icons\" data-id=\"d9a597f\" data-element_type=\"widget\" data-widget_type=\"social-icons.default\">\n\t\t\t\t<div class=\"elementor-widget-container\">\n\t\t\t\t\t\t\t<div class=\"elementor-social-icons-wrapper elementor-grid\">\n\t\t\t\t\t\t\t<span class=\"elementor-grid-item\">\n\t\t\t\t\t<a class=\"elementor-icon elementor-social-icon elementor-social-icon-instagram elementor-repeater-item-8368cc2\" href=\"https:\/\/www.instagram.com\/musikfreundeettenheim\/\" target=\"_blank\">\n\t\t\t\t\t\t<span class=\"elementor-screen-only\">Instagram<\/span>\n\t\t\t\t\t\t<i class=\"fab fa-instagram\"><\/i>\t\t\t\t\t<\/a>\n\t\t\t\t<\/span>\n\t\t\t\t\t<\/div>\n\t\t\t\t\t\t<\/div>\n\t\t\t\t<\/div>\n\t\t\t\t\t<\/div>\n\t\t<\/div>\n\t\t\t\t<div class=\"elementor-column elementor-col-50 elementor-inner-column elementor-element elementor-element-387a215\" data-id=\"387a215\" data-element_type=\"column\">\n\t\t\t<div class=\"elementor-widget-wrap elementor-element-populated\">\n\t\t\t\t\t\t<div class=\"elementor-element elementor-element-d9edf6f elementor-widget elementor-widget-spacer\" data-id=\"d9edf6f\" data-element_type=\"widget\" data-widget_type=\"spacer.default\">\n\t\t\t\t<div class=\"elementor-widget-container\">\n\t\t\t\t\t\t\t<div class=\"elementor-spacer\">\n\t\t\t<div class=\"elementor-spacer-inner\"><\/div>\n\t\t<\/div>\n\t\t\t\t\t\t<\/div>\n\t\t\t\t<\/div>\n\t\t\t\t<div class=\"elementor-element elementor-element-d5c7a77 elementor-widget elementor-widget-image\" data-id=\"d5c7a77\" data-element_type=\"widget\" data-widget_type=\"image.default\">\n\t\t\t\t<div class=\"elementor-widget-container\">\n\t\t\t\t\t\t\t\t\t\t\t\t\t\t\t<img fetchpriority=\"high\" decoding=\"async\" width=\"800\" height=\"403\" src=\"https:\/\/musikfreunde-ettenheim.com\/wp-content\/uploads\/2026\/04\/QuartettHeader_N01-1024x516.jpeg\" class=\"attachment-large size-large wp-image-333\" alt=\"\" srcset=\"https:\/\/musikfreunde-ettenheim.com\/wp-content\/uploads\/2026\/04\/QuartettHeader_N01-1024x516.jpeg 1024w, https:\/\/musikfreunde-ettenheim.com\/wp-content\/uploads\/2026\/04\/QuartettHeader_N01-300x151.jpeg 300w, https:\/\/musikfreunde-ettenheim.com\/wp-content\/uploads\/2026\/04\/QuartettHeader_N01-768x387.jpeg 768w, https:\/\/musikfreunde-ettenheim.com\/wp-content\/uploads\/2026\/04\/QuartettHeader_N01.jpeg 1378w\" sizes=\"(max-width: 800px) 100vw, 800px\" \/>\t\t\t\t\t\t\t\t\t\t\t\t\t\t\t<\/div>\n\t\t\t\t<\/div>\n\t\t\t\t\t<\/div>\n\t\t<\/div>\n\t\t\t\t\t<\/div>\n\t\t<\/section>\n\t\t\t\t<div class=\"elementor-element elementor-element-2029075 elementor-widget elementor-widget-image\" data-id=\"2029075\" data-element_type=\"widget\" data-widget_type=\"image.default\">\n\t\t\t\t<div class=\"elementor-widget-container\">\n\t\t\t\t\t\t\t\t\t\t\t\t\t\t\t<img decoding=\"async\" src=\"http:\/\/musikfreunde-ettenheim.com\/wp-content\/uploads\/2023\/07\/1311_RASCHER-QUARTETT-FeliXbroede_20191006.tif\" title=\"\" alt=\"\" loading=\"lazy\" \/>\t\t\t\t\t\t\t\t\t\t\t\t\t\t\t<\/div>\n\t\t\t\t<\/div>\n\t\t\t\t<div class=\"elementor-element elementor-element-e5d6fce elementor-nav-menu__align-end elementor-nav-menu--dropdown-tablet elementor-nav-menu__text-align-aside elementor-nav-menu--toggle elementor-nav-menu--burger elementor-widget elementor-widget-nav-menu\" data-id=\"e5d6fce\" data-element_type=\"widget\" data-settings=\"{&quot;layout&quot;:&quot;horizontal&quot;,&quot;submenu_icon&quot;:{&quot;value&quot;:&quot;&lt;i class=\\&quot;fas fa-caret-down\\&quot;&gt;&lt;\\\/i&gt;&quot;,&quot;library&quot;:&quot;fa-solid&quot;},&quot;toggle&quot;:&quot;burger&quot;}\" data-widget_type=\"nav-menu.default\">\n\t\t\t\t<div class=\"elementor-widget-container\">\n\t\t\t\t\t\t\t\t<nav aria-label=\"Menu\" class=\"elementor-nav-menu--main elementor-nav-menu__container elementor-nav-menu--layout-horizontal e--pointer-underline e--animation-fade\">\n\t\t\t\t<ul id=\"menu-1-e5d6fce\" class=\"elementor-nav-menu\"><li class=\"menu-item menu-item-type-post_type menu-item-object-page menu-item-83\"><a href=\"https:\/\/musikfreunde-ettenheim.com\/?page_id=81\" class=\"elementor-item\">Impressum<\/a><\/li>\n<\/ul>\t\t\t<\/nav>\n\t\t\t\t\t<div class=\"elementor-menu-toggle\" role=\"button\" tabindex=\"0\" aria-label=\"Menu Toggle\" aria-expanded=\"false\">\n\t\t\t<i aria-hidden=\"true\" role=\"presentation\" class=\"elementor-menu-toggle__icon--open eicon-menu-bar\"><\/i><i aria-hidden=\"true\" role=\"presentation\" class=\"elementor-menu-toggle__icon--close eicon-close\"><\/i>\t\t<\/div>\n\t\t\t\t\t<nav class=\"elementor-nav-menu--dropdown elementor-nav-menu__container\" aria-hidden=\"true\">\n\t\t\t\t<ul id=\"menu-2-e5d6fce\" class=\"elementor-nav-menu\"><li class=\"menu-item menu-item-type-post_type menu-item-object-page menu-item-83\"><a href=\"https:\/\/musikfreunde-ettenheim.com\/?page_id=81\" class=\"elementor-item\" tabindex=\"-1\">Impressum<\/a><\/li>\n<\/ul>\t\t\t<\/nav>\n\t\t\t\t\t\t<\/div>\n\t\t\t\t<\/div>\n\t\t\t\t\t<\/div>\n\t\t<\/div>\n\t\t\t\t\t<\/div>\n\t\t<\/section>\n\t\t\t\t<\/div>\n\t\t","protected":false},"excerpt":{"rendered":"<p>Willkommen auf der Website der Musikfreunde Ettenheim &nbsp; Unser Ziel ist es, Ihnen sch\u00f6ne musikalische Erlebnisse im intimen Rahmen von kleinen S\u00e4len in und um Ettenheim zu erm\u00f6glichen. F\u00fcr unser n\u00e4chstes Konzert, laden wir euch am Sonntag, 26. April 2026, um 18:00 Uhr Kunsthalle AltdorfEugen-Lacroix-Str.2, 77955 Ettenheim Schuppanzigh-Quartett http:\/\/schuppanzigh-quartett.de &nbsp; Alle Informationen finden Sie auf [&hellip;]<\/p>\n","protected":false},"author":1,"featured_media":0,"parent":0,"menu_order":-1,"comment_status":"closed","ping_status":"closed","template":"","meta":{"footnotes":""},"class_list":["post-8","page","type-page","status-publish","hentry"],"_links":{"self":[{"href":"https:\/\/musikfreunde-ettenheim.com\/index.php?rest_route=\/wp\/v2\/pages\/8","targetHints":{"allow":["GET"]}}],"collection":[{"href":"https:\/\/musikfreunde-ettenheim.com\/index.php?rest_route=\/wp\/v2\/pages"}],"about":[{"href":"https:\/\/musikfreunde-ettenheim.com\/index.php?rest_route=\/wp\/v2\/types\/page"}],"author":[{"embeddable":true,"href":"https:\/\/musikfreunde-ettenheim.com\/index.php?rest_route=\/wp\/v2\/users\/1"}],"replies":[{"embeddable":true,"href":"https:\/\/musikfreunde-ettenheim.com\/index.php?rest_route=%2Fwp%2Fv2%2Fcomments&post=8"}],"version-history":[{"count":57,"href":"https:\/\/musikfreunde-ettenheim.com\/index.php?rest_route=\/wp\/v2\/pages\/8\/revisions"}],"predecessor-version":[{"id":369,"href":"https:\/\/musikfreunde-ettenheim.com\/index.php?rest_route=\/wp\/v2\/pages\/8\/revisions\/369"}],"wp:attachment":[{"href":"https:\/\/musikfreunde-ettenheim.com\/index.php?rest_route=%2Fwp%2Fv2%2Fmedia&parent=8"}],"curies":[{"name":"wp","href":"https:\/\/api.w.org\/{rel}","templated":true}]}}